{"id":218,"date":"2021-09-15T16:15:00","date_gmt":"2021-09-15T14:15:00","guid":{"rendered":"https:\/\/oycipe.com\/?page_id=218"},"modified":"2021-12-06T12:08:24","modified_gmt":"2021-12-06T11:08:24","slug":"datenschutz","status":"publish","type":"page","link":"https:\/\/oycipe.com\/en\/datenschutz\/","title":{"rendered":"Data privacy"},"content":{"rendered":"<div data-elementor-type=\"wp-page\" data-elementor-id=\"218\" class=\"elementor elementor-218\">\n\t\t\t\t\t\t<section class=\"elementor-section elementor-top-section elementor-element elementor-element-aba4d31 elementor-section-boxed elementor-section-height-default elementor-section-height-default\" data-id=\"aba4d31\" data-element_type=\"section\" data-e-type=\"section\">\n\t\t\t\t\t\t<div class=\"elementor-container elementor-column-gap-default\">\n\t\t\t\t\t<div class=\"elementor-column elementor-col-100 elementor-top-column elementor-element elementor-element-46b217a\" data-id=\"46b217a\" data-element_type=\"column\" data-e-type=\"column\">\n\t\t\t<div class=\"elementor-widget-wrap elementor-element-populated\">\n\t\t\t\t\t\t<div class=\"elementor-element elementor-element-222fa83 elementor-widget elementor-widget-text-editor\" data-id=\"222fa83\" data-element_type=\"widget\" data-e-type=\"widget\" data-widget_type=\"text-editor.default\">\n\t\t\t\t<div class=\"elementor-widget-container\">\n\t\t\t\t\t\t\t\t\t<h1>Privacy policy<\/h1><h2>1. data protection at a glance<\/h2><h3>General information<\/h3><p>The following notices provide a simple overview of what happens to your personal data when you visit this website. Personal data is any data that can be used to identify you personally. For detailed information on the subject of data protection, please refer to our privacy policy listed below this text.<\/p><h3>Data collection on this website<\/h3><h4>Who is responsible for the data collection on this website?<\/h4><p>Data processing on this website is carried out by the website operator. You can find the contact details of the website operator in the section \"Information about the responsible party\" in this data protection declaration.<\/p><h4>How do we collect your data?<\/h4><p>On the one hand, your data is collected by you providing it to us. This can be, for example, data that you enter in a contact form.<\/p><p>Other data is collected automatically or after your consent when you visit the website by our IT systems. This is mainly technical data (e.g. internet browser, operating system or time of page view). The collection of this data takes place automatically as soon as you enter this website.<\/p><h4>What do we use your data for?<\/h4><p>Some of the data is collected to ensure error-free provision of the website. Other data may be used to analyze your user behavior.<\/p><h4>What rights do you have regarding your data?<\/h4><p>You have the right at any time to receive information free of charge about the origin, recipient and purpose of your stored personal data. You also have a right to request the correction or deletion of this data. If you have given your consent to data processing, you can revoke this consent at any time for the future. You also have the right to request the restriction of the processing of your personal data under certain circumstances. Furthermore, you have the right to lodge a complaint with the competent supervisory authority.<\/p><p>You can contact us at any time with regard to this and other questions on the subject of data protection.<\/p><h3>Third-party analytics and tools<\/h3><p>When visiting this website, your surfing behavior can be statistically evaluated. This is done mainly with so-called analysis programs.<\/p><p>Detailed information about these analysis programs can be found in the following privacy policy.<\/p><h2>2. Hosting<\/h2><h3>Hosting with All-Inkl<\/h3><p>We host our website at All-Inkl. Provider is ALL-INKL.COM - Neue Medien M\u00fcnnich, Inh. Ren\u00e9 M\u00fcnnich, Hauptstra\u00dfe 68, 02742 Friedersdorf (hereinafter: All-Inkl). For details, please refer to the privacy policy of All-Inkl: <a href=\"https:\/\/all-inkl.com\/datenschutzinformationen\/\" target=\"_blank\" rel=\"noopener noreferrer\">https:\/\/all-inkl.com\/datenschutzinformationen\/<\/a>.<\/p><p>The use of All-Inkl is based on Art. 6 para. 1 lit. f DSGVO. We have a legitimate interest in the most reliable presentation of our website. If a corresponding consent was requested, the processing is based exclusively on Art. 6 para. 1 lit. a DSGVO; the consent can be revoked at any time.<\/p><h4>Commissioned data processing<\/h4><p>We have concluded a contract on commissioned data processing (CDP) with the above-mentioned provider. This is a contract required by data protection law, which ensures that this provider only processes the personal data of our website visitors in accordance with our instructions and in compliance with the GDPR.<\/p><h2>3. general notes and mandatory information<\/h2><h3>Data privacy<\/h3><p>The operators of these pages take the protection of your personal data very seriously. We treat your personal data confidentially and in accordance with the statutory data protection regulations and this privacy policy.<\/p><p>When you use this website, various personal data are collected. Personal data is data with which you can be personally identified. This privacy policy explains what data we collect and what we use it for. It also explains how and for what purpose this is done.<\/p><p>We point out that data transmission over the Internet (eg communication by e-mail) can be vulnerable to security gaps. A complete protection of the data against access by third parties is not possible.<\/p><h3>Note on the responsible entity<\/h3><p>The responsible party for data processing on this website is:<\/p><p>Andy Schraut<br \/>E-Mail: info@oycipe.de<\/p><p>Responsible entity is the natural or legal person who alone or jointly with others determines the purposes and means of the processing of personal data (e.g. names, e-mail addresses, etc.).<\/p><h3>Storage period<\/h3><p>Unless a more specific storage period has been specified within this privacy policy, your personal data will remain with us until the purpose for data processing no longer applies. If you assert a legitimate request for deletion or revoke your consent to data processing, your data will be deleted unless we have other legally permissible reasons for storing your personal data (e.g. retention periods under tax or commercial law); in the latter case, the data will be deleted once these reasons no longer apply.<\/p><h3>Revocation of your consent to data processing<\/h3><p>Many data processing operations are only possible with your express consent. You can revoke consent you have already given at any time. The legality of the data processing carried out until the revocation remains unaffected by the revocation.<\/p><h3>Right to object to data collection in special cases and to direct marketing (Art. 21 DSGVO)<\/h3><p>IF THE DATA PROCESSING IS CARRIED OUT ON THE BASIS OF ART. 6 ABS. 1 LIT. E OR F DSGVO, YOU HAVE THE RIGHT TO OBJECT TO THE PROCESSING OF YOUR PERSONAL DATA AT ANY TIME FOR REASONS ARISING FROM YOUR PARTICULAR SITUATION; THIS ALSO APPLIES TO PROFILING BASED ON THESE PROVISIONS. THE RESPECTIVE LEGAL BASIS ON WHICH PROCESSING IS BASED CAN BE FOUND IN THIS PRIVACY POLICY. IF YOU OBJECT, WE WILL NO LONGER PROCESS YOUR PERSONAL DATA UNLESS WE CAN DEMONSTRATE COMPELLING LEGITIMATE GROUNDS FOR THE PROCESSING WHICH OVERRIDE YOUR INTERESTS, RIGHTS AND FREEDOMS, OR THE PROCESSING SERVES THE PURPOSE OF ASSERTING, EXERCISING OR DEFENDING LEGAL CLAIMS (OBJECTION UNDER ARTICLE 21 (1) DSGVO).<\/p><p>IF YOUR PERSONAL DATA IS PROCESSED FOR THE PURPOSE OF DIRECT MARKETING, YOU HAVE THE RIGHT TO OBJECT AT ANY TIME TO THE PROCESSING OF PERSONAL DATA CONCERNING YOU FOR THE PURPOSE OF SUCH MARKETING; THIS ALSO APPLIES TO PROFILING INSOFAR AS IT IS CONNECTED WITH SUCH DIRECT MARKETING. IF YOU OBJECT, YOUR PERSONAL DATA WILL SUBSEQUENTLY NO LONGER BE USED FOR THE PURPOSE OF DIRECT MARKETING (OBJECTION PURSUANT TO ARTICLE 21 (2) DSGVO).<\/p><h3>Right of appeal to the competent supervisory authority<\/h3><p>In the event of breaches of the GDPR (DSGVO), data subjects shall have a right of appeal to a supervisory authority, in particular in the Member State of their habitual residence, their place of work or the place of the alleged breach. The right of appeal is without prejudice to other administrative or judicial remedies.<\/p><h3>Right to data portability<\/h3><p>You have the right to have data that we process automatically on the basis of your consent or in fulfillment of a contract handed over to you or to a third party in a common, machine-readable format. If you request the direct transfer of the data to another controller, this will only be done insofar as it is technically feasible.<\/p><h3>SSL or TLS encryption<\/h3><p>This site uses SSL or TLS encryption for security reasons and to protect the transmission of confidential content, such as orders or requests that you send to us as the site operator. You can recognize an encrypted connection by the fact that the address line of the browser changes from \"http:\/\/\" to \"https:\/\/\" and by the lock symbol in your browser line.<\/p><p>If SSL or TLS encryption is activated, the data you transmit to us cannot be read by third parties.<\/p><h3>Information, deletion and correction<\/h3><p>Within the framework of the applicable legal provisions, you have the right at any time to free information about your stored personal data, its origin and recipient and the purpose of data processing and, if necessary, a right to correction or deletion of this data. For this purpose, as well as for further questions on the subject of personal data, you can contact us at any time.<\/p><h3>Right to restriction of processing<\/h3><p>You have the right to request the restriction of the processing of your personal data. For this purpose, you can contact us at any time. The right to restriction of processing exists in the following cases:<\/p><ul><li>If you dispute the accuracy of your personal data stored by us, we usually need time to verify this. For the duration of the review, you have the right to request the restriction of the processing of your personal data.<\/li><li>If the processing of your personal data happened\/is happening unlawfully, you may request the restriction of data processing instead of deletion.<\/li><li>If we no longer need your personal data, but you need it to exercise, defend or enforce legal claims, you have the right to request restriction of the processing of your personal data instead of deletion.<\/li><li>If you have lodged an objection pursuant to Art. 21 (1) DSGVO, a balancing of your and our interests must be carried out. As long as it has not yet been determined whose interests prevail, you have the right to request the restriction of the processing of your personal data.<\/li><\/ul><p>If you have restricted the processing of your personal data, this data may - apart from being stored - only be processed with your consent or for the assertion, exercise or defense of legal claims or for the protection of the rights of another natural or legal person or for reasons of an important public interest of the European Union or a Member State.<\/p><h2>4. data collection on this website<\/h2><h3>Server log files<\/h3><p>The provider of the pages automatically collects and stores information in so-called server log files, which your browser automatically transmits to us. These are:<\/p><ul><li>Browser type and version<\/li><li>Operating system used<\/li><li>Referrer URL<\/li><li>Host name of the accessing computer<\/li><li>Time of server request<\/li><li>IP address<\/li><\/ul><p>This data is not merged with other data sources.<\/p><p>The collection of this data is based on Art. 6 para. 1 lit. f DSGVO. The website operator has a legitimate interest in the technically error-free presentation and optimization of its website - for this purpose, the server log files must be collected.<\/p><h3>Comment function on this website<\/h3><p>For the comment function on this page, in addition to your comment, information on the time of creation of the comment, your e-mail address and, if you do not post anonymously, the username you have chosen will be stored.<\/p><h4>Comments storage period<\/h4><p>The comments and the associated data are stored and remain on this website until the commented content has been completely deleted or the comments have to be deleted for legal reasons (e.g. offensive comments).<\/p><h4>Legal basis<\/h4><p>The storage of comments is based on your consent (Art. 6 para. 1 lit. a DSGVO). You can revoke your consent at any time. For this purpose, an informal communication by e-mail to us is sufficient. The legality of the data processing operations already carried out remains unaffected by the revocation.<\/p><h2>5. analysis tools and advertising<\/h2><h3>WP Statistics<\/h3><p>This website uses the WP Statistics analysis tool to statistically evaluate visitor traffic. Provider is Veronalabs, ARENCO Tower, 27th Floor, Dubai Media City, Dubai, Dubai 23816, UAE (<a href=\"https:\/\/veronalabs.com\" target=\"_blank\" rel=\"noopener noreferrer\">https:\/\/veronalabs.com<\/a>).<\/p><p>WP Statistics allows us to analyze the use of our website. WP Statistics collects log files (IP address, referrer, browser used, origin of the user, search engine used) and actions that website visitors have taken on the page (e.g. clicks and views).<\/p><p>The data collected with WP Statistics is stored exclusively on our own server.<\/p><p>The use of this analysis tool is based on Art. 6 para. 1 lit. f DSGVO. We have a legitimate interest in the anonymized analysis of user behavior in order to optimize both our website and our advertising. If a corresponding consent has been requested (e.g. consent to store cookies), the processing is based exclusively on Art. 6 (1) a DSGVO; the consent can be revoked at any time.<\/p><h4>IP anonymization<\/h4><p>We use WP Statistics with anonymized IP. Your IP address is shortened so that it can no longer be directly assigned to you.<\/p>\t\t\t\t\t\t\t\t<\/div>\n\t\t\t\t<\/div>\n\t\t\t\t\t<\/div>\n\t\t<\/div>\n\t\t\t\t\t<\/div>\n\t\t<\/section>\n\t\t\t\t<\/div>","protected":false},"excerpt":{"rendered":"<p>Datenschutz\u00aderkl\u00e4rung 1. Datenschutz auf einen Blick Allgemeine Hinweise Die folgenden Hinweise geben einen einfachen \u00dcberblick dar\u00fcber, was mit Ihren personenbezogenen Daten passiert, wenn Sie diese Website besuchen. Personenbezogene Daten sind alle Daten, mit denen Sie pers\u00f6nlich identifiziert werden k\u00f6nnen. Ausf\u00fchrliche Informationen zum Thema Datenschutz entnehmen Sie unserer unter diesem Text aufgef\u00fchrten Datenschutzerkl\u00e4rung. Datenerfassung auf dieser [&hellip;]<\/p>\n","protected":false},"author":1,"featured_media":0,"parent":0,"menu_order":0,"comment_status":"closed","ping_status":"closed","template":"","meta":{"ocean_post_layout":"","ocean_both_sidebars_style":"","ocean_both_sidebars_content_width":0,"ocean_both_sidebars_sidebars_width":0,"ocean_sidebar":"0","ocean_second_sidebar":"0","ocean_disable_margins":"enable","ocean_add_body_class":"","ocean_shortcode_before_top_bar":"","ocean_shortcode_after_top_bar":"","ocean_shortcode_before_header":"","ocean_shortcode_after_header":"","ocean_has_shortcode":"","ocean_shortcode_after_title":"","ocean_shortcode_before_footer_widgets":"","ocean_shortcode_after_footer_widgets":"","ocean_shortcode_before_footer_bottom":"","ocean_shortcode_after_footer_bottom":"","ocean_display_top_bar":"default","ocean_display_header":"default","ocean_header_style":"","ocean_center_header_left_menu":"0","ocean_custom_header_template":"0","ocean_custom_logo":0,"ocean_custom_retina_logo":0,"ocean_custom_logo_max_width":0,"ocean_custom_logo_tablet_max_width":0,"ocean_custom_logo_mobile_max_width":0,"ocean_custom_logo_max_height":0,"ocean_custom_logo_tablet_max_height":0,"ocean_custom_logo_mobile_max_height":0,"ocean_header_custom_menu":"0","ocean_menu_typo_font_family":"0","ocean_menu_typo_font_subset":"","ocean_menu_typo_font_size":0,"ocean_menu_typo_font_size_tablet":0,"ocean_menu_typo_font_size_mobile":0,"ocean_menu_typo_font_size_unit":"px","ocean_menu_typo_font_weight":"","ocean_menu_typo_font_weight_tablet":"","ocean_menu_typo_font_weight_mobile":"","ocean_menu_typo_transform":"","ocean_menu_typo_transform_tablet":"","ocean_menu_typo_transform_mobile":"","ocean_menu_typo_line_height":0,"ocean_menu_typo_line_height_tablet":0,"ocean_menu_typo_line_height_mobile":0,"ocean_menu_typo_line_height_unit":"","ocean_menu_typo_spacing":0,"ocean_menu_typo_spacing_tablet":0,"ocean_menu_typo_spacing_mobile":0,"ocean_menu_typo_spacing_unit":"","ocean_menu_link_color":"","ocean_menu_link_color_hover":"","ocean_menu_link_color_active":"","ocean_menu_link_background":"","ocean_menu_link_hover_background":"","ocean_menu_link_active_background":"","ocean_menu_social_links_bg":"","ocean_menu_social_hover_links_bg":"","ocean_menu_social_links_color":"","ocean_menu_social_hover_links_color":"","ocean_disable_title":"default","ocean_disable_heading":"default","ocean_post_title":"","ocean_post_subheading":"","ocean_post_title_style":"","ocean_post_title_background_color":"","ocean_post_title_background":0,"ocean_post_title_bg_image_position":"","ocean_post_title_bg_image_attachment":"","ocean_post_title_bg_image_repeat":"","ocean_post_title_bg_image_size":"","ocean_post_title_height":0,"ocean_post_title_bg_overlay":0.5,"ocean_post_title_bg_overlay_color":"","ocean_disable_breadcrumbs":"default","ocean_breadcrumbs_color":"","ocean_breadcrumbs_separator_color":"","ocean_breadcrumbs_links_color":"","ocean_breadcrumbs_links_hover_color":"","ocean_display_footer_widgets":"default","ocean_display_footer_bottom":"default","ocean_custom_footer_template":"0","footnotes":""},"class_list":["post-218","page","type-page","status-publish","hentry","entry"],"_links":{"self":[{"href":"https:\/\/oycipe.com\/en\/wp-json\/wp\/v2\/pages\/218","targetHints":{"allow":["GET"]}}],"collection":[{"href":"https:\/\/oycipe.com\/en\/wp-json\/wp\/v2\/pages"}],"about":[{"href":"https:\/\/oycipe.com\/en\/wp-json\/wp\/v2\/types\/page"}],"author":[{"embeddable":true,"href":"https:\/\/oycipe.com\/en\/wp-json\/wp\/v2\/users\/1"}],"replies":[{"embeddable":true,"href":"https:\/\/oycipe.com\/en\/wp-json\/wp\/v2\/comments?post=218"}],"version-history":[{"count":10,"href":"https:\/\/oycipe.com\/en\/wp-json\/wp\/v2\/pages\/218\/revisions"}],"predecessor-version":[{"id":282,"href":"https:\/\/oycipe.com\/en\/wp-json\/wp\/v2\/pages\/218\/revisions\/282"}],"wp:attachment":[{"href":"https:\/\/oycipe.com\/en\/wp-json\/wp\/v2\/media?parent=218"}],"curies":[{"name":"wp","href":"https:\/\/api.w.org\/{rel}","templated":true}]}}